{"id":2,"date":"2024-07-31T16:00:14","date_gmt":"2024-07-31T16:00:14","guid":{"rendered":"https:\/\/teknisetdemarit.fi\/?page_id=2"},"modified":"2024-09-25T17:46:35","modified_gmt":"2024-09-25T14:46:35","slug":"saannot","status":"publish","type":"page","link":"https:\/\/teknisetdemarit.fi\/index.php\/saannot\/","title":{"rendered":"S\u00e4\u00e4nn\u00f6t"},"content":{"rendered":"\n<h3 class=\"wp-block-heading\"><br><strong>Yhdistyksen nimi ja tarkoitus<\/strong><\/h3>\n\n\n\n<p><br><strong>1 \u00a7 <\/strong>&nbsp;Yhdistyksen nimi on Tekniset Demarit r.y. ja kotipaikka on Espoon kaupunki.<\/p>\n\n\n\n<p><strong>2 \u00a7<\/strong> Yhdistyksen tarkoituksena on:1 toimia sosialidemokraattisen puolueen j\u00e4senin\u00e4 olevien teknisten yhteisty\u00f6elimen\u00e4;2 avustaa puoluetta ja sen luottamuselimi\u00e4 teknisill\u00e4 ammattitiedoilla; sek\u00e43 toimia j\u00e4senten yhteiskunnallisten ja ammatillisten toimintavalmiuksien kehitt\u00e4miseksi.<\/p>\n\n\n\n<p><strong>3 \u00a7<\/strong>Tarkoituksensa toteuttamiseksi yhdistys harjoittaa yhteiskuntapoliittista, teknist\u00e4, taloudellista ja sivistyksellist\u00e4 valistusty\u00f6t\u00e4, suorittaa tutkimusty\u00f6t\u00e4, j\u00e4rjest\u00e4\u00e4 kokous-, koulutus- ja asianomaisella luvalla juhla- ja huvitilaisuuksia, edist\u00e4\u00e4 kirjallisuuden ja sanomalehtien levityst\u00e4 sek\u00e4 edist\u00e4\u00e4 j\u00e4sentens\u00e4 osallistumista yhteiskuntapoliittiseen toimintaan.<\/p>\n\n\n\n<p>Yhdistys voi omistaa osakkeita ja muita arvopapereita, hallita ja omistaa toimintaansa varten tarpeellisia kiinteist\u00f6j\u00e4, vastaanottaa avustuksia, lahjoituksia ja testamenttej\u00e4 sek\u00e4 toimeenpanna arpajaisia ja varainker\u00e4yksi\u00e4. Tarvittaessa yhdistys hankkii toiminnalleen asianomaisen luvan.<\/p>\n\n\n\n<h3 class=\"wp-block-heading\"><strong>J\u00e4senet<\/strong><\/h3>\n\n\n\n<p><strong>4 \u00a7<\/strong> &nbsp;Yhdistyksen j\u00e4senen\u00e4 voi olla henkil\u00f6, joka on sosialidemokraattisen puolueen j\u00e4sen, joka1 on teknisen koulutuksen saanut; tai2 on tekniikka opiskeleva; tahi3 toimii teknisisiss\u00e4 teht\u00e4viss\u00e4.<br>J\u00e4seneksi hyv\u00e4ksymisest\u00e4 p\u00e4\u00e4tt\u00e4\u00e4 yhdistyksen hallitus.<\/p>\n\n\n\n<p><strong>5 \u00a7 <\/strong>J\u00e4senet ovat velvolliset toiminnassaan noudattamaan yhdistyksen s\u00e4\u00e4nt\u00f6j\u00e4 ja p\u00e4\u00e4t\u00f6ksi\u00e4.<\/p>\n\n\n\n<p><strong>6 \u00a7 <\/strong>J\u00e4sen, joka rikkoo yhdistyksen s\u00e4\u00e4nt\u00f6j\u00e4 tai p\u00e4\u00e4t\u00f6ksi\u00e4 vastaan, voidaan erottaa yhdistyksest\u00e4.<br>Erottamisesta p\u00e4\u00e4tt\u00e4\u00e4 hallitus kuultuaan asianomaista j\u00e4sent\u00e4.<br>Hallituksen erottamisp\u00e4\u00e4t\u00f6kseen tyytym\u00e4t\u00f6n j\u00e4sen voi saattaa p\u00e4\u00e4t\u00f6ksen yhdistyksen varsinaisen kokouksen tutkittavaksi j\u00e4tt\u00e4m\u00e4ll\u00e4 hallitukselle kirjallisen ilmoituksen nelj\u00e4ntoista (14) p\u00e4iv\u00e4n kuluessa p\u00e4\u00e4t\u00f6ksest\u00e4 tiedon saatuaan. Erottamisp\u00e4\u00e4t\u00f6s pysyy voimassa, jos yhdistyksen varsinainen kokous yksinkertaisella \u00e4\u00e4ntenemmist\u00f6ll\u00e4 sen hyv\u00e4ksyy.<\/p>\n\n\n\n<p><strong>7 \u00a7 <\/strong>\u00a0Yhdistyksen j\u00e4sen voi erota yhdistyksest\u00e4 ilmoittamalla siit\u00e4 kirjallisesti hallitukselle tai sen puheenjohtajalle taikka suullisesti yhdistyksen kokouksessa sen p\u00f6yt\u00e4kirjaan merkitt\u00e4v\u00e4ksi.\u00a0<\/p>\n\n\n\n<h3 class=\"wp-block-heading\"><strong>J\u00e4senmaksut<\/strong><\/h3>\n\n\n\n<p><strong>8 \u00a7 <\/strong>Yhdistyksen j\u00e4senen on suoritettava j\u00e4senmaksu, jonka suuruudesta ja perimistavasta vaalikokous p\u00e4\u00e4tt\u00e4\u00e4 vuodeksi kerrallaan.J\u00e4senmaksut on suoritettava siihen asti, kunnes j\u00e4sen eroaa tai erotetaan yhdistyksest\u00e4.<\/p>\n\n\n\n<p><strong>9 \u00a7 <\/strong>Yhdistyksen j\u00e4senen, joka ei suorita maksettavaksi m\u00e4\u00e4r\u00e4ttyj\u00e4 j\u00e4senmaksuja, voi yhdistys erottaa.J\u00e4senen, joka on j\u00e4tt\u00e4nyt suorittamatta j\u00e4senmaksunsa, on vailla yhdistyksen j\u00e4senen s\u00e4\u00e4nt\u00f6m\u00e4\u00e4r\u00e4isi\u00e4 oikeuksia, kunnes h\u00e4n on suorittanut maksamatta olevat j\u00e4senmaksut.<\/p>\n\n\n\n<h3 class=\"wp-block-heading\"><strong>Kokoukset<\/strong><\/h3>\n\n\n\n<p><strong>10 \u00a7<\/strong> Yhdistyksen varsinaiset kokoukset ovat vaalikokous ja vuosikokous. Yhdistyksen vuosikokous pidet\u00e4\u00e4n helmikuussa ja vaalikokous marraskuussa johtokunnan m\u00e4\u00e4r\u00e4\u00e4m\u00e4n\u00e4 p\u00e4iv\u00e4n\u00e4.Ylim\u00e4\u00e4r\u00e4inen yhdistyksen kokous on pidett\u00e4v\u00e4, jos v\u00e4hint\u00e4\u00e4n 1\/10 yhdistyksen j\u00e4sent\u00e4 sit\u00e4 erityisesti ilmoitettua asiaa varten hallitukselta kirjallisesti vaatii tai kun hallitus katsoo sen tarpeelliseksi.Kutsut yhdistyksen kokouksiin laatii hallitus. Kutsu vuosi- ja vaalikokoukseen on julkaistava ilmoituksena hyv\u00e4ksym\u00e4ss\u00e4 puoluelehdess\u00e4 tai se on l\u00e4hetett\u00e4v\u00e4 yhdistyksen j\u00e4senille postitse v\u00e4hint\u00e4\u00e4n viikkoa ennen kokousta ja kutsu yhdistyksen muihin kokouksiin vastaavalla tavalla julkaista tai l\u00e4hetett\u00e4v\u00e4 v\u00e4hint\u00e4\u00e4n kolme p\u00e4iv\u00e4\u00e4 ennen kokousta.Samalla tavalla toimitetaan muut tiedonannot yhdistyksen j\u00e4senille.<\/p>\n\n\n\n<p><strong>11 \u00a7<\/strong>\u00a0Yhdistyksen kokouksissa on jokaisella kokoukseen osallistuvalla yhdistyksen j\u00e4senell\u00e4 yksi \u00e4\u00e4ni. Milloin v\u00e4hint\u00e4\u00e4n 1\/10 kokouksen \u00e4\u00e4nivaltaista osanottajaa niin vaatii, on toimitettava nimi\u00e4\u00e4nestys. Vaalit toimitetaan vaadittaessa suljetuin lipuin.\u00c4\u00e4nten jakautuessa tasan tulee p\u00e4\u00e4t\u00f6kseksi se mielipide, johon puheenjohtaja on yhtynyt, paitsi vaaleissa ja suljetussa lippu\u00e4\u00e4nestyksess\u00e4, joissa ratkaisee arpa.<\/p>\n\n\n\n<p><strong>12 \u00a7<\/strong>\u00a0Yhdistyksen kokouksesta laadittu p\u00f6yt\u00e4kirja on vahvistettava seuraavassa kokouksessa, jollei p\u00f6yt\u00e4kirjan tarkistamista ole kokouksen p\u00e4\u00e4t\u00f6ksen mukaisesti j\u00e4tett\u00e4v\u00e4 kahden kokouksen kutakin kertaa varten erikseen valitseman p\u00f6yt\u00e4kirjantarkistajan teht\u00e4v\u00e4ksi.\u00a0Milloin asian kiireellisyys vaatii, kokouksen p\u00f6yt\u00e4kirja voidaan joko kokonaan tai tarpeelliselta osin tarkistaa ja hyv\u00e4ksy\u00e4 heti samassa kokouksessa.P\u00f6yt\u00e4kirjan allekirjoittavat asianomaisen kokouksen puheenjohtaja yhdess\u00e4 sihteerin\u00e4 toimineen henkil\u00f6n kanssa.<\/p>\n\n\n\n<p><strong>13 \u00a7<\/strong>\u00a0Yhdistyksen vuosikokouksen teht\u00e4v\u00e4n\u00e4 on:1 valita kokouksen toimihenkil\u00f6t;2 k\u00e4sitell\u00e4 ja vahvistaa hallituksen laatima toimintakertomus sek\u00e4 tilintarkastajien antaman lausunnon perusteella tilinp\u00e4\u00e4t\u00f6s p\u00e4\u00e4ttyneelt\u00e4 tilivuodelta;3 p\u00e4\u00e4tt\u00e4\u00e4 tili- ja vastuuvapauden my\u00f6nt\u00e4misest\u00e4 hallitukselle ja muille vastuuvelvollisille;4 k\u00e4sitell\u00e4 hallituksen vuosikokoukselle valmistelemat, kokouskutsussa nimenomaan mainitut asiat; sek\u00e45 p\u00e4\u00e4tt\u00e4\u00e4 muista n\u00e4iden s\u00e4\u00e4nt\u00f6jen mukaan vuosikokouksen p\u00e4\u00e4tett\u00e4viin kuuluvista asioista.<br>Yhdistyksen vaalikokouksen teht\u00e4v\u00e4n\u00e4 on:1 valita kokouksen toimihenkil\u00f6t;2 hyv\u00e4ksy\u00e4 toimintasuunnitelma seuraavaa kalenterivuotta varten;3 p\u00e4\u00e4tt\u00e4\u00e4 seuraavan kalenterivuoden aikana kannettavista j\u00e4senmaksuista;4 hyv\u00e4ksy\u00e4 talousarvio seuraavaa kalenterivuotta varten;5 valita hallituksen puheenjohtaja ja muut johtokunnan j\u00e4senet seuraavaa kalenterivuotta varten;6 valita kaksi varsinaista ja kaksi varatilintarkastajaa seuraavaa kalenterivuotta varten;7 p\u00e4\u00e4tt\u00e4\u00e4 muista kokouskutsussa mainituista asioista ottaen kuitenkin huomioon yhdistyslain 14\u00a7:n m\u00e4\u00e4r\u00e4ykset.<\/p>\n\n\n\n<h3 class=\"wp-block-heading\"><strong>Yhdistyksen hallitus<\/strong><\/h3>\n\n\n\n<p><strong>14 \u00a7<\/strong>\u00a0Yhdistyksen hallitukseen kuuluu yhdistyksen vaalikokouksen erikseen valitseman puheenjohtajan lis\u00e4ksi v\u00e4hint\u00e4\u00e4n nelj\u00e4 ja enint\u00e4\u00e4n yhdeks\u00e4n j\u00e4sent\u00e4.<br>Hallitus valitsee keskuudestaan varapuheenjohtajan, sihteerin, taloudenhoitajan ja j\u00e4senasioiden hoitajan.Hallitus kokoontuu puheenjohtajan tai h\u00e4nen estyneen\u00e4 ollessa varapuheenjohtajan kutsusta yleens\u00e4 ainakin kerran kuukaudessa.<br>Hallitus on p\u00e4\u00e4t\u00f6svaltainen, kun puheenjohtajan tai varapuheenjohtajan lis\u00e4ksi v\u00e4hint\u00e4\u00e4n puolet muista j\u00e4senist\u00e4 ovat l\u00e4sn\u00e4.<\/p>\n\n\n\n<p><strong>15 \u00a7<\/strong>\u00a0Hallituksen teht\u00e4v\u00e4n\u00e4 on:<\/p>\n\n\n\n<ol class=\"wp-block-list\">\n<li>hoitaa yhdistyksen asioita p\u00e4\u00e4tt\u00e4vien elinten p\u00e4\u00e4t\u00f6sten, yhdistyksen s\u00e4\u00e4nt\u00f6jen ja yhdistyslain mukaan, panna t\u00e4yt\u00e4nt\u00f6\u00f6n sanotut p\u00e4\u00e4t\u00f6kset sek\u00e4 valmistella yhdistyksen kokouksissa esille tulevat asiat;<\/li>\n\n\n\n<li>m\u00e4\u00e4r\u00e4t\u00e4 j\u00e4sentens\u00e4 erityisteht\u00e4v\u00e4t ja keskin\u00e4inen ty\u00f6najako, ottaen huomioon, ett\u00e4 hallituksen puheenjohtajan asiana on toimia hallituksen ja, vuosikokousta ja vaalikokousta lukuunottamatta, my\u00f6s yhdistyksen kokousten puheenjohtajana, allekirjoittaa yhdess\u00e4 sihteerin kanssa sanottujen kokousten p\u00f6yt\u00e4kirjat sek\u00e4 valvoa, ett\u00e4 hallituksen tekem\u00e4t p\u00e4\u00e4t\u00f6kset pannaan t\u00e4yt\u00e4nt\u00f6\u00f6n;<\/li>\n\n\n\n<li>asettaa hallituksen toiminnassa v\u00e4ltt\u00e4m\u00e4tt\u00f6miksi osoittautuvat apuelimet ja tarvittaessa vahvistaa niille ohjes\u00e4\u00e4nn\u00f6t;<\/li>\n\n\n\n<li>huolehtia siit\u00e4, ett\u00e4 yhdistysten j\u00e4senist\u00e4 pidet\u00e4\u00e4n yhdistyslain 5\u00a7:n mukaista luetteloa, josta j\u00e4senen henkil\u00f6tietojen lis\u00e4ksi k\u00e4y selville kunkin j\u00e4senen suorittamat j\u00e4senmaksut sek\u00e4 muut sellaiset seikat, jotka tavalla tai toisella vaikuttavat asianomaisen henkil\u00f6n oikeuksiin yhdistyksess\u00e4.<\/li>\n<\/ol>\n\n\n\n<p><strong>16 \u00a7<\/strong>\u00a0Yhdistyksen nimen kirjoittavat hallituksen puheenjohtaja ja sihteeri sek\u00e4 hallituksen m\u00e4\u00e4r\u00e4\u00e4m\u00e4 hallituksen j\u00e4sen, aina kaksi yhdess\u00e4.<br><br><strong>17 \u00a7<\/strong>\u00a0Yhdistyksen tilit p\u00e4\u00e4tet\u00e4\u00e4n kalenterivuosittain.<br>P\u00e4\u00e4ttyneen vuoden tilit ja yhdistyksen toimintaa koskevat muut asiakirjat on j\u00e4tett\u00e4v\u00e4 yhdistyksen vaalikokouksen valitsemille tilintarkastajille tammikuun kuluessa. Tilintarkastajien on suoritettava tilien tarkastus ja annettava niist\u00e4 hallitukselle yhdistyksen vuosikokousta varten laadittu kirjallinen lausunto viimeist\u00e4\u00e4n viikon kuluessa siit\u00e4, kun tilit on j\u00e4tetty tarkistettavaksi.<br>Tilintarkastajilla on oikeus suorittaa vuositilintarkastuksen ohella, joka k\u00e4sitt\u00e4\u00e4 my\u00f6s yhdistyksen hallinnon tarkastuksen, kirjanpidon ja kassan valvontatarkastus, milloin he katsovat sen aiheelliseksi.<\/p>\n\n\n\n<h3 class=\"wp-block-heading\"><strong>S\u00e4\u00e4nt\u00f6jen muuttaminen<\/strong><\/h3>\n\n\n\n<p><strong>18 \u00a7\u00a0<\/strong>\u00a0Yhdistyksen s\u00e4\u00e4nt\u00f6jen muuttamisesta voidaan p\u00e4\u00e4tt\u00e4\u00e4 yhdistyksen varsinaisessa kokouksessa, jos sit\u00e4 koskeva kirjallinen esitys on j\u00e4tetty hallitukselle viimeist\u00e4\u00e4n kuukautta aikaisemmin ja v\u00e4hint\u00e4\u00e4n 2\/3 kokoukseen osallistuvista \u00e4\u00e4nivaltaisista yhdistyksen j\u00e4senist\u00e4 p\u00e4\u00e4t\u00f6st\u00e4 kannattaa.<br>P\u00e4\u00e4t\u00f6s yhdistyksen purkamisesta on teht\u00e4v\u00e4 3\/4 enemmist\u00f6ll\u00e4 annetuista \u00e4\u00e4nist\u00e4.<\/p>\n\n\n\n<p><strong>19 \u00a7<\/strong>\u00a0Jos yhdistys purkautuu tai lakkautetaan, on sen varat luovutettava Suomen Sosialidemokraattinen Puolue r.p:lle.<\/p>\n\n\n\n<p><strong>20 \u00a7<\/strong> Niiss\u00e4 kohdin, joissa n\u00e4iss\u00e4 s\u00e4\u00e4nn\u00f6iss\u00e4 ei ole m\u00e4\u00e4r\u00e4yst\u00e4, noudatetaan yhdistyslakia.<\/p>\n\n\n\n<p><\/p>\n","protected":false},"excerpt":{"rendered":"<p>Yhdistyksen nimi ja tarkoitus 1 \u00a7 &nbsp;Yhdistyksen nimi on Tekniset Demarit r.y. ja kotipaikka on Espoon kaupunki. 2 \u00a7 Yhdistyksen tarkoituksena on:1 toimia sosialidemokraattisen puolueen j\u00e4senin\u00e4 olevien teknisten yhteisty\u00f6elimen\u00e4;2 avustaa puoluetta ja sen luottamuselimi\u00e4 teknisill\u00e4 ammattitiedoilla; sek\u00e43 toimia j\u00e4senten yhteiskunnallisten ja ammatillisten toimintavalmiuksien kehitt\u00e4miseksi. 3 \u00a7Tarkoituksensa toteuttamiseksi yhdistys harjoittaa yhteiskuntapoliittista, teknist\u00e4, taloudellista ja sivistyksellist\u00e4 valistusty\u00f6t\u00e4, [&hellip;]<\/p>\n","protected":false},"author":1,"featured_media":0,"parent":0,"menu_order":0,"comment_status":"closed","ping_status":"closed","template":"","meta":{"footnotes":""},"class_list":["post-2","page","type-page","status-publish","hentry"],"_links":{"self":[{"href":"https:\/\/teknisetdemarit.fi\/index.php\/wp-json\/wp\/v2\/pages\/2","targetHints":{"allow":["GET"]}}],"collection":[{"href":"https:\/\/teknisetdemarit.fi\/index.php\/wp-json\/wp\/v2\/pages"}],"about":[{"href":"https:\/\/teknisetdemarit.fi\/index.php\/wp-json\/wp\/v2\/types\/page"}],"author":[{"embeddable":true,"href":"https:\/\/teknisetdemarit.fi\/index.php\/wp-json\/wp\/v2\/users\/1"}],"replies":[{"embeddable":true,"href":"https:\/\/teknisetdemarit.fi\/index.php\/wp-json\/wp\/v2\/comments?post=2"}],"version-history":[{"count":11,"href":"https:\/\/teknisetdemarit.fi\/index.php\/wp-json\/wp\/v2\/pages\/2\/revisions"}],"predecessor-version":[{"id":43,"href":"https:\/\/teknisetdemarit.fi\/index.php\/wp-json\/wp\/v2\/pages\/2\/revisions\/43"}],"wp:attachment":[{"href":"https:\/\/teknisetdemarit.fi\/index.php\/wp-json\/wp\/v2\/media?parent=2"}],"curies":[{"name":"wp","href":"https:\/\/api.w.org\/{rel}","templated":true}]}}