{"id":3,"date":"2024-07-31T16:00:14","date_gmt":"2024-07-31T16:00:14","guid":{"rendered":"https:\/\/teknisetdemarit.fi\/?page_id=3"},"modified":"2024-09-25T18:27:59","modified_gmt":"2024-09-25T15:27:59","slug":"privacy-policy","status":"publish","type":"page","link":"https:\/\/teknisetdemarit.fi\/index.php\/privacy-policy\/","title":{"rendered":"GDPR"},"content":{"rendered":"\n<h3 class=\"wp-block-heading\">TIETOSUOJAPERIAATTEET<\/h3>\n\n\n\n<p>Tekniset demarit ry noudattaa EU:n tietosuoja-asetusta, jota sovelletaan 25.5.2018 alkaen. Suoritamme kaikki kohtuudella tarvittavat toimenpiteet sen varmistamiseksi, ett\u00e4 tietojasi k\u00e4sitell\u00e4\u00e4n turvallisesti ja tietosuojaperiaatteidemme mukaisesti. K\u00e4sittelyperuste on suostumus tai sopimus. Kun alamme k\u00e4sitell\u00e4 henkil\u00f6tietojasi, kerromme aina k\u00e4sittelyperusteen. Tekniset demarit ry:lla on henkil\u00f6rekisterist\u00e4\u00e4n EU:n yleisen tietosuoja-asetuksen suosituksen mukaiset rekisteri- ja tietosuojaselosteet.<\/p>\n\n\n\n<p>Henkil\u00f6tietojen ker\u00e4ys, k\u00e4ytt\u00f6 ja suostumus<\/p>\n\n\n\n<p>Tekniset demarit ry yll\u00e4pit\u00e4\u00e4 j\u00e4senrekisteri\u00e4 s\u00e4\u00e4nt\u00f6jens\u00e4 mukaisen toiminnan yll\u00e4pit\u00e4mist\u00e4 varten ja ajantasaisen EU:n tietosuoja-asetuksen mukaisesti. Rekisterin tiedot on koottu j\u00e4senilt\u00e4 saatujen tietojen perusteella. Saatuja tietoja ei luovuteta ulkopuoliselle.<\/p>\n\n\n\n<p>Ker\u00e4\u00e4mme ja k\u00e4sittelemme henkil\u00f6tietoja j\u00e4senyyden hallinnointia varten ja tiedottaaksemme tarjolla olevista tuotteista ja palveluista. Henkil\u00f6tietojen k\u00e4ytt\u00f6 markkinoinnissa perustuu antamaasi suostumukseen.<\/p>\n\n\n\n<p>Liittyess\u00e4\u00e4n j\u00e4sen antaa yhdistykselle suostumuksensa k\u00e4ytt\u00e4\u00e4 antamiaan tietojaan yhdistyksen mukaiseen toimintaan. <\/p>\n\n\n\n<p>Rekisterin tietosis\u00e4lt\u00f6:<br>Tekniset demarit ry k\u00e4ytt\u00e4\u00e4 henkil\u00f6tietoja l\u00e4hett\u00e4\u00e4kseen j\u00e4senille ilmoituksia yhdistyksen toiminnasta.<\/p>\n\n\n\n<p>Millaisia henkil\u00f6tietoja k\u00e4sitell\u00e4\u00e4n?<br>Seuraavia henkil\u00f6tietoja ker\u00e4t\u00e4\u00e4n ja hallinnoidaan:<br>* yhteystiedot, kuten nimi, osoite, s\u00e4hk\u00f6postiosoite ja puhelinnumero<br>* maksutiedot ja maksuhistoria<\/p>\n\n\n\n<p>K\u00e4yt\u00e4mme henkil\u00f6tietojasi my\u00f6s vahingontorjunnan hallintaan, jotta voimme varmistaa, ett\u00e4 ehtoja noudatetaan, sek\u00e4 havaitsemaan ja ehk\u00e4isem\u00e4\u00e4n palvelujemme v\u00e4\u00e4rink\u00e4yt\u00f6n.<\/p>\n\n\n\n<p>Henkil\u00f6tietojen luovuttaminen<\/p>\n\n\n\n<p>Tekniset demarit ry ei luovuta tietojasi ulkopuolisille EU:n alueella tai ETA alueen ulkopuolelle.<\/p>\n\n\n\n<p>K\u00e4sittelemme rekister\u00f6imi\u00e4mme henkil\u00f6tietoja luottamuksellisesti, ja niihin on p\u00e4\u00e4sy ainoastaan henkil\u00f6ill\u00e4, joilla on ty\u00f6n puolesta tarve k\u00e4ytt\u00e4\u00e4 henkil\u00f6rekisteri\u00e4mme. Emme koskaan luovuta henkil\u00f6tietoja Tekniset demarit ry:n tai Tekniset demarit ry:n valtuuttamien kolmansien tahojen ulkopuolelle. Valtuutettuja kolmansia tahoja ovat: palvelun yll\u00e4pit\u00e4j\u00e4t ja kehitt\u00e4j\u00e4t, sek\u00e4 maksupalveluja tarjoavat yritykset.<\/p>\n\n\n\n<p>Henkil\u00f6tietojen tarkastusoikeus ja omat tiedot<\/p>\n\n\n\n<p>Sovellettavan lain puitteissa j\u00e4senell\u00e4 ja asiakkaalla on oikeus n\u00e4hd\u00e4 kerran vuodessa veloituksetta, mit\u00e4 henkil\u00f6tietoja yhdistyksen asiakasrekisteriin on tallennettu. Lis\u00e4ksi asiakas voi milloin tahansa itse tarkastaa henkil\u00f6tietonsa verkkoasioinnin kautta.<\/p>\n\n\n\n<p>J\u00e4senell\u00e4 on oikeus:<br>\u2022 tiet\u00e4\u00e4 tietojensa k\u00e4sittelyst\u00e4<br>\u2022 tarkastaa henkil\u00f6tietonsa<br>\u2022 vaatia henkil\u00f6tietojensa korjaamista<br>\u2022 kielt\u00e4\u00e4 henkil\u00f6tietojensa k\u00e4sittelyn<\/p>\n\n\n\n<p>Rekisterinpit\u00e4j\u00e4:<br>\u2022 vastaa j\u00e4senen\/asiakkaan kysymyksiin omista tiedoista<br>\u2022 antaa pyydetyt tiedot<br>\u2022 tekee asiakkaan pyyt\u00e4m\u00e4t korjaukset<br>\u2022 tallentaa oikeat tiedot j\u00e4senrekisteriin<\/p>\n\n\n\n<p>Jos p\u00e4\u00e4t\u00e4t k\u00e4ytt\u00e4\u00e4 n\u00e4it\u00e4 oikeuksiasi, toimimme pyynt\u00f6si mukaisesti kuukauden kuluessa ellemme ole velvoitettuja toimimaan toisin. L\u00e4het\u00e4th\u00e4n pyynn\u00f6n kirjallisesti osoitteeseen  kallekonttinen@outlook.com<\/p>\n\n\n\n<p>Miten tiedot on s\u00e4ilytetty, suojattu ja miten tietosuojattu materiaali h\u00e4vitet\u00e4\u00e4n<\/p>\n\n\n\n<p>J\u00e4sen- ja asiakastiedot s\u00e4ilytet\u00e4\u00e4n s\u00e4hk\u00f6isess\u00e4 rekisteriss\u00e4. <br>\u2022 ATK yhteydet on suojattu palveluntarjoajan suojauksella.<br>\u2022 Arkistomateriaali s\u00e4ilytet\u00e4\u00e4n huolellisesti <br>\u2022 Paperinen materiaali tuhotaan paperisilppurilla.<\/p>\n\n\n\n<p><\/p>\n","protected":false},"excerpt":{"rendered":"<p>TIETOSUOJAPERIAATTEET Tekniset demarit ry noudattaa EU:n tietosuoja-asetusta, jota sovelletaan 25.5.2018 alkaen. Suoritamme kaikki kohtuudella tarvittavat toimenpiteet sen varmistamiseksi, ett\u00e4 tietojasi k\u00e4sitell\u00e4\u00e4n turvallisesti ja tietosuojaperiaatteidemme mukaisesti. K\u00e4sittelyperuste on suostumus tai sopimus. Kun alamme k\u00e4sitell\u00e4 henkil\u00f6tietojasi, kerromme aina k\u00e4sittelyperusteen. Tekniset demarit ry:lla on henkil\u00f6rekisterist\u00e4\u00e4n EU:n yleisen tietosuoja-asetuksen suosituksen mukaiset rekisteri- ja tietosuojaselosteet. Henkil\u00f6tietojen ker\u00e4ys, k\u00e4ytt\u00f6 ja suostumus [&hellip;]<\/p>\n","protected":false},"author":1,"featured_media":0,"parent":0,"menu_order":0,"comment_status":"closed","ping_status":"open","template":"","meta":{"footnotes":""},"class_list":["post-3","page","type-page","status-publish","hentry"],"_links":{"self":[{"href":"https:\/\/teknisetdemarit.fi\/index.php\/wp-json\/wp\/v2\/pages\/3","targetHints":{"allow":["GET"]}}],"collection":[{"href":"https:\/\/teknisetdemarit.fi\/index.php\/wp-json\/wp\/v2\/pages"}],"about":[{"href":"https:\/\/teknisetdemarit.fi\/index.php\/wp-json\/wp\/v2\/types\/page"}],"author":[{"embeddable":true,"href":"https:\/\/teknisetdemarit.fi\/index.php\/wp-json\/wp\/v2\/users\/1"}],"replies":[{"embeddable":true,"href":"https:\/\/teknisetdemarit.fi\/index.php\/wp-json\/wp\/v2\/comments?post=3"}],"version-history":[{"count":20,"href":"https:\/\/teknisetdemarit.fi\/index.php\/wp-json\/wp\/v2\/pages\/3\/revisions"}],"predecessor-version":[{"id":72,"href":"https:\/\/teknisetdemarit.fi\/index.php\/wp-json\/wp\/v2\/pages\/3\/revisions\/72"}],"wp:attachment":[{"href":"https:\/\/teknisetdemarit.fi\/index.php\/wp-json\/wp\/v2\/media?parent=3"}],"curies":[{"name":"wp","href":"https:\/\/api.w.org\/{rel}","templated":true}]}}